{"id":1614,"date":"2025-08-08T17:07:13","date_gmt":"2025-08-08T15:07:13","guid":{"rendered":"https:\/\/bph30.fr\/?page_id=1614"},"modified":"2025-08-09T02:16:55","modified_gmt":"2025-08-09T00:16:55","slug":"fpsm-01-form","status":"publish","type":"page","link":"https:\/\/bph30.fr\/index.php\/fpsm-01-form\/","title":{"rendered":"FPSM 01 &#8211; Form"},"content":{"rendered":"\n<div class=\"wp-block-uagb-advanced-heading uagb-block-689c908d\"><h2 class=\"uagb-heading-text\"><strong>Frontend Post Submission Manager<\/strong> &#8211; Pr\u00e9sentation<\/h2><\/div>\n\n\n\n<p><a href=\"https:\/\/wpshuffle.com\/wordpress-documentations\/frontend-post-submission-manager\/\" target=\"_blank\" rel=\"noreferrer noopener\"><strong>Documentation FPSM<\/strong><\/a><\/p>\n\n\n\n<pre class=\"wp-block-preformatted\">\"<strong>Frontend Post Submission Manager<\/strong>\" est une extension WordPress premium qui facilite la r\u00e9ception d'articles ou de tout autre type de publication depuis le frontend, avec ou sans connexion, ainsi que le tableau de bord de gestion des publications.<br><br>Cr\u00e9ez un nombre illimit\u00e9 de formulaires gr\u00e2ce au g\u00e9n\u00e9rateur de formulaires par glisser-d\u00e9poser et ajoutez un nombre illimit\u00e9 de champs personnalis\u00e9s avec diff\u00e9rents types de champs, tels que les champs de texte, les zones de texte, les boutons radio, les cases \u00e0 cocher, les s\u00e9lecteurs de date, les t\u00e9l\u00e9chargeurs de fichiers, et bien plus encore. Voici quelques fonctionnalit\u00e9s rapides.<br><br>- Formulaires illimit\u00e9s gr\u00e2ce au g\u00e9n\u00e9rateur de formulaires par glisser-d\u00e9poser<br>- Champs personnalis\u00e9s illimit\u00e9s avec diff\u00e9rents types de champs, tels que :<br>    les champs de texte, les zones de texte, les t\u00e9l\u00e9chargeurs de fichiers, <br>    les boutons radio, les cases \u00e0 cocher, les listes d\u00e9roulantes, <br>    les s\u00e9lecteurs de date, les e-mails et les num\u00e9ros.<br>- Tableau de bord de gestion des publications<br>- Prise en charge des types de publications par d\u00e9faut et des types de publications personnalis\u00e9s<br>- Prise en charge des taxonomies par d\u00e9faut et des taxonomies personnalis\u00e9es<br>- <strong>Prise en charge des publications d'invit\u00e9s<\/strong><\/pre>\n\n\n\n<div class=\"wp-block-uagb-container uagb-block-fa080bb4 default uagb-is-root-container\">\n<h2 class=\"wp-block-heading\">Exemple 01<\/h2>\n\n\n<form method=\"post\" class=\"fpsm-front-form fpsm-add-form fpsm-template-1 fpsm-alias-form_01\" data-alias=\"form_01\">\n            <h2 class=\"fpsm-form-title\">Form 01        <\/h2>\n    <input type=\"hidden\" name=\"form_alias\" value=\"form_01\" \/>\n    <input type=\"hidden\" name=\"post_id\" value=\"0\" class=\"fpsm-edit-post-id\" \/>\n    <input type=\"hidden\" name=\"previous_post_status\" value=\"\" class=\"fpsm-previous-post-status\" \/>\n        \n                        <div class=\"fpsm-field-wrap fpsm-post-title\" data-field-key=\"post_title\">\n                            <label>Post Title<\/label>\n                            <div class=\"fpsm-field\">\n                                <input type=\"text\" name=\"post_title\" value=\"\"\/>\n                            <\/div>\n                            <div class=\"fpsm-error\"><\/div>\n                        <\/div>\n            \n                        <div class=\"fpsm-field-wrap fpsm-post-content\" data-field-key=\"post_content\">\n                            <label>Post Content<\/label>\n                            <div class=\"fpsm-field\">\n                                    <textarea name=\"post_content\" ><\/textarea>\n                                <\/div>\n                            <div class=\"fpsm-error\"><\/div>\n                        <\/div>\n            \n                        <div class=\"fpsm-field-wrap fpsm-custom-field-select fpsm-meta-action\" data-field-key=\"_custom_field|action\">\n                            <label>Action<\/label>\n                            <div class=\"fpsm-field\">\n                                <div class=\"fpsm-select-field\">\n    <select name=\"_custom_field|action\">\n                        <option value=\"Accepter\" >Accepter<\/option>\n                                <option value=\"Refuser\" >Refuser<\/option>\n                                <option value=\"Ult\u00e9rieurement\" >Ult\u00e9rieurement<\/option>\n                    <\/select>\n<\/div>                            <\/div>\n                            <div class=\"fpsm-error\"><\/div>\n                        <\/div>\n                <div class=\"fpsm-field-wrap fpsm-has-submit-btn\">\n        <div class=\"fpsm-field\">\n            \n                        <input\n                            type=\"submit\"\n                            value=\"Submit\"\n                            data-post-status=\"draft\"\n                            class=\"fpsm-submit-draft \"\n                             \/>\n\n                        <input type=\"hidden\" name=\"dynamic_post_status\" value=\"draft\" class=\"fpsm-default-post-status\" \/>\n            <img decoding=\"async\" src=\"https:\/\/bph30.fr\/wp-content\/plugins\/codecanyon-jeg00kmu-frontend-post-submission-manager\/assets\/images\/ajax-loader-front.gif\" class=\"fpsm-ajax-loader\" \/>\n        <\/div>\n    <\/div>\n    <div class=\"fpsm-form-message fpsm-display-none\"><\/div>\n    <\/form>\n\n<\/div>\n\n\n\n<div style=\"height:100px\" aria-hidden=\"true\" class=\"wp-block-spacer\"><\/div>\n\n\n\n<p><a href=\"https:\/\/bph30.fr\/index.php\/fpsm-01-liste\/\" data-type=\"page\" data-id=\"1625\" target=\"_blank\" rel=\"noreferrer noopener\">Liste des articles soumis avec FPSM<\/a><\/p>\n\n\n\n<p><\/p>\n<input class=\"fooboxshare_post_id\" type=\"hidden\" value=\"1614\"\/>","protected":false},"excerpt":{"rendered":"<p>Frontend Post Submission Manager &#8211; Pr\u00e9sentation Documentation FPSM \u00ab\u00a0Frontend Post Submission Manager\u00a0\u00bb est une extension WordPress premium qui facilite la r\u00e9ception d&rsquo;articles ou de tout autre type de publication depuis le frontend, avec ou sans connexion, ainsi que le tableau de bord de gestion des publications.Cr\u00e9ez un nombre illimit\u00e9 de formulaires gr\u00e2ce au g\u00e9n\u00e9rateur de [&hellip;]<\/p>\n","protected":false},"author":1,"featured_media":0,"parent":0,"menu_order":0,"comment_status":"closed","ping_status":"closed","template":"","meta":{"_uag_custom_page_level_css":"","site-sidebar-layout":"default","site-content-layout":"","ast-site-content-layout":"default","site-content-style":"default","site-sidebar-style":"default","ast-global-header-display":"","ast-banner-title-visibility":"","ast-main-header-display":"","ast-hfb-above-header-display":"","ast-hfb-below-header-display":"","ast-hfb-mobile-header-display":"","site-post-title":"disabled","ast-breadcrumbs-content":"","ast-featured-img":"","footer-sml-layout":"","ast-disable-related-posts":"","theme-transparent-header-meta":"","adv-header-id-meta":"","stick-header-meta":"","header-above-stick-meta":"","header-main-stick-meta":"","header-below-stick-meta":"","astra-migrate-meta-layouts":"set","ast-page-background-enabled":"default","ast-page-background-meta":{"desktop":{"background-color":"var(--ast-global-color-4)","background-image":"","background-repeat":"repeat","background-position":"center center","background-size":"auto","background-attachment":"scroll","background-type":"","background-media":"","overlay-type":"","overlay-color":"","overlay-opacity":"","overlay-gradient":""},"tablet":{"background-color":"","background-image":"","background-repeat":"repeat","background-position":"center center","background-size":"auto","background-attachment":"scroll","background-type":"","background-media":"","overlay-type":"","overlay-color":"","overlay-opacity":"","overlay-gradient":""},"mobile":{"background-color":"","background-image":"","background-repeat":"repeat","background-position":"center center","background-size":"auto","background-attachment":"scroll","background-type":"","background-media":"","overlay-type":"","overlay-color":"","overlay-opacity":"","overlay-gradient":""}},"ast-content-background-meta":{"desktop":{"background-color":"var(--ast-global-color-5)","background-image":"","background-repeat":"repeat","background-position":"center center","background-size":"auto","background-attachment":"scroll","background-type":"","background-media":"","overlay-type":"","overlay-color":"","overlay-opacity":"","overlay-gradient":""},"tablet":{"background-color":"var(--ast-global-color-5)","background-image":"","background-repeat":"repeat","background-position":"center center","background-size":"auto","background-attachment":"scroll","background-type":"","background-media":"","overlay-type":"","overlay-color":"","overlay-opacity":"","overlay-gradient":""},"mobile":{"background-color":"var(--ast-global-color-5)","background-image":"","background-repeat":"repeat","background-position":"center center","background-size":"auto","background-attachment":"scroll","background-type":"","background-media":"","overlay-type":"","overlay-color":"","overlay-opacity":"","overlay-gradient":""}},"_themeisle_gutenberg_block_has_review":false,"footnotes":""},"class_list":["post-1614","page","type-page","status-publish","hentry","page_cat-fpsm"],"mb":[],"spectra_custom_meta":{"_edit_lock":["1754700968:1"],"_uag_custom_page_level_css":[""],"site-sidebar-layout":["default"],"site-content-layout":[""],"ast-site-content-layout":["default"],"site-content-style":["default"],"site-sidebar-style":["default"],"ast-global-header-display":[""],"ast-banner-title-visibility":[""],"ast-main-header-display":[""],"ast-hfb-above-header-display":[""],"ast-hfb-below-header-display":[""],"ast-hfb-mobile-header-display":[""],"site-post-title":["disabled"],"ast-breadcrumbs-content":[""],"ast-featured-img":[""],"footer-sml-layout":[""],"theme-transparent-header-meta":[""],"adv-header-id-meta":[""],"stick-header-meta":[""],"header-above-stick-meta":[""],"header-main-stick-meta":[""],"header-below-stick-meta":[""],"astra-migrate-meta-layouts":["set"],"ast-page-background-enabled":["default"],"ast-page-background-meta":["a:3:{s:7:\"desktop\";a:12:{s:16:\"background-color\";s:25:\"var(--ast-global-color-4)\";s:16:\"background-image\";s:0:\"\";s:17:\"background-repeat\";s:6:\"repeat\";s:19:\"background-position\";s:13:\"center center\";s:15:\"background-size\";s:4:\"auto\";s:21:\"background-attachment\";s:6:\"scroll\";s:15:\"background-type\";s:0:\"\";s:16:\"background-media\";s:0:\"\";s:12:\"overlay-type\";s:0:\"\";s:13:\"overlay-color\";s:0:\"\";s:15:\"overlay-opacity\";s:0:\"\";s:16:\"overlay-gradient\";s:0:\"\";}s:6:\"tablet\";a:12:{s:16:\"background-color\";s:0:\"\";s:16:\"background-image\";s:0:\"\";s:17:\"background-repeat\";s:6:\"repeat\";s:19:\"background-position\";s:13:\"center center\";s:15:\"background-size\";s:4:\"auto\";s:21:\"background-attachment\";s:6:\"scroll\";s:15:\"background-type\";s:0:\"\";s:16:\"background-media\";s:0:\"\";s:12:\"overlay-type\";s:0:\"\";s:13:\"overlay-color\";s:0:\"\";s:15:\"overlay-opacity\";s:0:\"\";s:16:\"overlay-gradient\";s:0:\"\";}s:6:\"mobile\";a:12:{s:16:\"background-color\";s:0:\"\";s:16:\"background-image\";s:0:\"\";s:17:\"background-repeat\";s:6:\"repeat\";s:19:\"background-position\";s:13:\"center center\";s:15:\"background-size\";s:4:\"auto\";s:21:\"background-attachment\";s:6:\"scroll\";s:15:\"background-type\";s:0:\"\";s:16:\"background-media\";s:0:\"\";s:12:\"overlay-type\";s:0:\"\";s:13:\"overlay-color\";s:0:\"\";s:15:\"overlay-opacity\";s:0:\"\";s:16:\"overlay-gradient\";s:0:\"\";}}"],"ast-content-background-meta":["a:3:{s:7:\"desktop\";a:12:{s:16:\"background-color\";s:25:\"var(--ast-global-color-5)\";s:16:\"background-image\";s:0:\"\";s:17:\"background-repeat\";s:6:\"repeat\";s:19:\"background-position\";s:13:\"center center\";s:15:\"background-size\";s:4:\"auto\";s:21:\"background-attachment\";s:6:\"scroll\";s:15:\"background-type\";s:0:\"\";s:16:\"background-media\";s:0:\"\";s:12:\"overlay-type\";s:0:\"\";s:13:\"overlay-color\";s:0:\"\";s:15:\"overlay-opacity\";s:0:\"\";s:16:\"overlay-gradient\";s:0:\"\";}s:6:\"tablet\";a:12:{s:16:\"background-color\";s:25:\"var(--ast-global-color-5)\";s:16:\"background-image\";s:0:\"\";s:17:\"background-repeat\";s:6:\"repeat\";s:19:\"background-position\";s:13:\"center center\";s:15:\"background-size\";s:4:\"auto\";s:21:\"background-attachment\";s:6:\"scroll\";s:15:\"background-type\";s:0:\"\";s:16:\"background-media\";s:0:\"\";s:12:\"overlay-type\";s:0:\"\";s:13:\"overlay-color\";s:0:\"\";s:15:\"overlay-opacity\";s:0:\"\";s:16:\"overlay-gradient\";s:0:\"\";}s:6:\"mobile\";a:12:{s:16:\"background-color\";s:25:\"var(--ast-global-color-5)\";s:16:\"background-image\";s:0:\"\";s:17:\"background-repeat\";s:6:\"repeat\";s:19:\"background-position\";s:13:\"center center\";s:15:\"background-size\";s:4:\"auto\";s:21:\"background-attachment\";s:6:\"scroll\";s:15:\"background-type\";s:0:\"\";s:16:\"background-media\";s:0:\"\";s:12:\"overlay-type\";s:0:\"\";s:13:\"overlay-color\";s:0:\"\";s:15:\"overlay-opacity\";s:0:\"\";s:16:\"overlay-gradient\";s:0:\"\";}}"],"_themeisle_gutenberg_block_has_review":[""],"footnotes":[""],"_edit_last":["1"],"_ame_cpe_post_policy":["{\"accessProtection\":{\"active\":\"replace\"}}"],"_uag_css_file_name":["uag-css-1614.css"],"_uag_page_assets":["a:9:{s:3:\"css\";s:8865:\".wp-block-uagb-advanced-heading h1,.wp-block-uagb-advanced-heading h2,.wp-block-uagb-advanced-heading h3,.wp-block-uagb-advanced-heading h4,.wp-block-uagb-advanced-heading h5,.wp-block-uagb-advanced-heading h6,.wp-block-uagb-advanced-heading p,.wp-block-uagb-advanced-heading div{word-break:break-word}.wp-block-uagb-advanced-heading .uagb-heading-text{margin:0}.wp-block-uagb-advanced-heading .uagb-desc-text{margin:0}.wp-block-uagb-advanced-heading .uagb-separator{font-size:0;border-top-style:solid;display:inline-block;margin:0 0 10px 0}.wp-block-uagb-advanced-heading .uagb-highlight{color:#f78a0c;border:0;transition:all 0.3s ease}.uag-highlight-toolbar{border-left:0;border-top:0;border-bottom:0;border-radius:0;border-right-color:#1e1e1e}.uag-highlight-toolbar .components-button{border-radius:0;outline:none}.uag-highlight-toolbar .components-button.is-primary{color:#fff}\n.wp-block-uagb-container{display:flex;position:relative;box-sizing:border-box;transition-property:box-shadow;transition-duration:0.2s;transition-timing-function:ease}.wp-block-uagb-container .spectra-container-link-overlay{bottom:0;left:0;position:absolute;right:0;top:0;z-index:10}.wp-block-uagb-container.uagb-is-root-container{margin-left:auto;margin-right:auto}.wp-block-uagb-container.alignfull.uagb-is-root-container .uagb-container-inner-blocks-wrap{display:flex;position:relative;box-sizing:border-box;margin-left:auto !important;margin-right:auto !important}.wp-block-uagb-container .wp-block-uagb-blockquote,.wp-block-uagb-container .wp-block-spectra-pro-login,.wp-block-uagb-container .wp-block-spectra-pro-register{margin:unset}.wp-block-uagb-container .uagb-container__video-wrap{height:100%;width:100%;top:0;left:0;position:absolute;overflow:hidden;-webkit-transition:opacity 1s;-o-transition:opacity 1s;transition:opacity 1s}.wp-block-uagb-container .uagb-container__video-wrap video{max-width:100%;width:100%;height:100%;margin:0;line-height:1;border:none;display:inline-block;vertical-align:baseline;-o-object-fit:cover;object-fit:cover;background-size:cover}.wp-block-uagb-container.uagb-layout-grid{display:grid;width:100%}.wp-block-uagb-container.uagb-layout-grid>.uagb-container-inner-blocks-wrap{display:inherit;width:inherit}.wp-block-uagb-container.uagb-layout-grid>.uagb-container-inner-blocks-wrap>.wp-block-uagb-container{max-width:unset !important;width:unset !important}.wp-block-uagb-container.uagb-layout-grid>.wp-block-uagb-container{max-width:unset !important;width:unset !important}.wp-block-uagb-container.uagb-layout-grid.uagb-is-root-container{margin-left:auto;margin-right:auto}.wp-block-uagb-container.uagb-layout-grid.uagb-is-root-container>.wp-block-uagb-container{max-width:unset !important;width:unset !important}.wp-block-uagb-container.uagb-layout-grid.alignwide.uagb-is-root-container{margin-left:auto;margin-right:auto}.wp-block-uagb-container.uagb-layout-grid.alignfull.uagb-is-root-container .uagb-container-inner-blocks-wrap{display:inherit;position:relative;box-sizing:border-box;margin-left:auto !important;margin-right:auto !important}body .wp-block-uagb-container>.uagb-container-inner-blocks-wrap>*:not(.wp-block-uagb-container):not(.wp-block-uagb-column):not(.wp-block-uagb-container):not(.wp-block-uagb-section):not(.uagb-container__shape):not(.uagb-container__video-wrap):not(.wp-block-spectra-pro-register):not(.wp-block-spectra-pro-login):not(.uagb-slider-container):not(.spectra-image-gallery__control-lightbox):not(.wp-block-uagb-info-box),body .wp-block-uagb-container>.uagb-container-inner-blocks-wrap,body .wp-block-uagb-container>*:not(.wp-block-uagb-container):not(.wp-block-uagb-column):not(.wp-block-uagb-container):not(.wp-block-uagb-section):not(.uagb-container__shape):not(.uagb-container__video-wrap):not(.wp-block-spectra-pro-register):not(.wp-block-spectra-pro-login):not(.uagb-slider-container):not(.spectra-container-link-overlay):not(.spectra-image-gallery__control-lightbox):not(.wp-block-uagb-lottie):not(.uagb-faq__outer-wrap){min-width:unset !important;width:100%;position:relative}body .ast-container .wp-block-uagb-container>.uagb-container-inner-blocks-wrap>.wp-block-uagb-container>ul,body .ast-container .wp-block-uagb-container>.uagb-container-inner-blocks-wrap>.wp-block-uagb-container ol,body .ast-container .wp-block-uagb-container>.uagb-container-inner-blocks-wrap>ul,body .ast-container .wp-block-uagb-container>.uagb-container-inner-blocks-wrap ol{max-width:-webkit-fill-available;margin-block-start:0;margin-block-end:0;margin-left:20px}.ast-plain-container .editor-styles-wrapper .block-editor-block-list__layout.is-root-container .uagb-is-root-container.wp-block-uagb-container.alignwide{margin-left:auto;margin-right:auto}.uagb-container__shape{overflow:hidden;position:absolute;left:0;width:100%;line-height:0;direction:ltr}.uagb-container__shape-top{top:-3px}.uagb-container__shape-bottom{bottom:-3px}.uagb-container__shape.uagb-container__invert.uagb-container__shape-bottom,.uagb-container__shape.uagb-container__invert.uagb-container__shape-top{-webkit-transform:rotate(180deg);-ms-transform:rotate(180deg);transform:rotate(180deg)}.uagb-container__shape.uagb-container__shape-flip svg{transform:translateX(-50%) rotateY(180deg)}.uagb-container__shape svg{display:block;width:-webkit-calc(100% + 1.3px);width:calc(100% + 1.3px);position:relative;left:50%;-webkit-transform:translateX(-50%);-ms-transform:translateX(-50%);transform:translateX(-50%)}.uagb-container__shape .uagb-container__shape-fill{-webkit-transform-origin:center;-ms-transform-origin:center;transform-origin:center;-webkit-transform:rotateY(0deg);transform:rotateY(0deg)}.uagb-container__shape.uagb-container__shape-above-content{z-index:9;pointer-events:none}.nv-single-page-wrap .nv-content-wrap.entry-content .wp-block-uagb-container.alignfull{margin-left:calc(50% - 50vw);margin-right:calc(50% - 50vw)}@media only screen and (max-width: 767px){.wp-block-uagb-container .wp-block-uagb-advanced-heading{width:-webkit-fill-available}}.wp-block-uagb-image--align-none{justify-content:center}\n.wp-block-uagb-advanced-heading.uagb-block-689c908d.wp-block-uagb-advanced-heading .uagb-desc-text{margin-bottom: 15px;}.wp-block-uagb-advanced-heading.uagb-block-689c908d.wp-block-uagb-advanced-heading .uagb-highlight{font-style: normal;font-weight: Default;background: #007cba;color: #fff;-webkit-text-fill-color: #fff;}.wp-block-uagb-advanced-heading.uagb-block-689c908d.wp-block-uagb-advanced-heading .uagb-highlight::-moz-selection{color: #fff;background: #007cba;-webkit-text-fill-color: #fff;}.wp-block-uagb-advanced-heading.uagb-block-689c908d.wp-block-uagb-advanced-heading .uagb-highlight::selection{color: #fff;background: #007cba;-webkit-text-fill-color: #fff;}.wp-block-uagb-container.uagb-block-fa080bb4 .uagb-container__shape-top svg{width: calc( 100% + 1.3px );}.wp-block-uagb-container.uagb-block-fa080bb4 .uagb-container__shape.uagb-container__shape-top .uagb-container__shape-fill{fill: rgba(51,51,51,1);}.wp-block-uagb-container.uagb-block-fa080bb4 .uagb-container__shape-bottom svg{width: calc( 100% + 1.3px );}.wp-block-uagb-container.uagb-block-fa080bb4 .uagb-container__shape.uagb-container__shape-bottom .uagb-container__shape-fill{fill: rgba(51,51,51,1);}.wp-block-uagb-container.uagb-block-fa080bb4 .uagb-container__video-wrap video{opacity: 1;}.wp-block-uagb-container.uagb-is-root-container .uagb-block-fa080bb4{max-width: 100%;width: 100%;}.wp-block-uagb-container.uagb-block-fa080bb4{box-shadow: 3px 8px 12px 0px #00000070 ;padding-top: 10px;padding-bottom: 10px;padding-left: 10px;padding-right: 10px;margin-top:  !important;margin-bottom:  !important;overflow: visible;order: initial;border-style: solid;border-color: inherit;flex-direction: column;align-items: center;justify-content: center;flex-wrap: nowrap;row-gap: 20px;column-gap: 20px;max-width: 100% !important;}@media only screen and (max-width: 976px) {.wp-block-uagb-container.uagb-is-root-container .uagb-block-fa080bb4{width: 100%;}.wp-block-uagb-container.uagb-block-fa080bb4{padding-top: 10px;padding-bottom: 10px;padding-left: 10px;padding-right: 10px;margin-top:  !important;margin-bottom:  !important;order: initial;border-style: solid;max-width:  !important;}}@media only screen and (max-width: 767px) {.wp-block-uagb-container.uagb-is-root-container .uagb-block-fa080bb4{max-width: 100%;width: 100%;}.wp-block-uagb-container.uagb-block-fa080bb4{padding-top: 10px;padding-bottom: 10px;padding-left: 10px;padding-right: 10px;margin-top:  !important;margin-bottom:  !important;order: initial;border-style: solid;flex-wrap: wrap;max-width: 100% !important;}}.uag-blocks-common-selector{z-index:var(--z-index-desktop) !important}@media (max-width: 976px){.uag-blocks-common-selector{z-index:var(--z-index-tablet) !important}}@media (max-width: 767px){.uag-blocks-common-selector{z-index:var(--z-index-mobile) !important}}\n\";s:2:\"js\";s:0:\"\";s:18:\"current_block_list\";a:14:{i:0;s:21:\"uagb\/advanced-heading\";i:1;s:14:\"core\/paragraph\";i:2;s:17:\"core\/preformatted\";i:3;s:14:\"uagb\/container\";i:4;s:12:\"core\/heading\";i:5;s:14:\"core\/shortcode\";i:6;s:11:\"core\/spacer\";i:7;s:11:\"core\/search\";i:8;s:10:\"core\/group\";i:9;s:17:\"core\/latest-posts\";i:10;s:20:\"core\/latest-comments\";i:11;s:13:\"core\/archives\";i:12;s:15:\"core\/categories\";i:13;s:10:\"core\/image\";}s:8:\"uag_flag\";b:1;s:11:\"uag_version\";s:10:\"1772042523\";s:6:\"gfonts\";a:0:{}s:10:\"gfonts_url\";s:0:\"\";s:12:\"gfonts_files\";a:0:{}s:14:\"uag_faq_layout\";b:0;}"]},"uagb_featured_image_src":{"full":false,"thumbnail":false,"medium":false,"medium_large":false,"large":false,"1536x1536":false,"2048x2048":false},"uagb_author_info":{"display_name":"BPH","author_link":"https:\/\/bph30.fr\/index.php\/author\/bph-barrallaposte-net\/"},"uagb_comment_info":0,"uagb_excerpt":"Frontend Post Submission Manager &#8211; Pr\u00e9sentation Documentation FPSM \"Frontend Post Submission Manager\" est une extension WordPress premium qui facilite la r\u00e9ception d'articles ou de tout autre type de publication depuis le frontend, avec ou sans connexion, ainsi que le tableau de bord de gestion des publications.Cr\u00e9ez un nombre illimit\u00e9 de formulaires gr\u00e2ce au g\u00e9n\u00e9rateur de\u2026","mfb_rest_fields":["title","spectra_custom_meta","uagb_featured_image_src","uagb_author_info","uagb_comment_info","uagb_excerpt"],"_links":{"self":[{"href":"https:\/\/bph30.fr\/index.php\/wp-json\/wp\/v2\/pages\/1614","targetHints":{"allow":["GET"]}}],"collection":[{"href":"https:\/\/bph30.fr\/index.php\/wp-json\/wp\/v2\/pages"}],"about":[{"href":"https:\/\/bph30.fr\/index.php\/wp-json\/wp\/v2\/types\/page"}],"author":[{"embeddable":true,"href":"https:\/\/bph30.fr\/index.php\/wp-json\/wp\/v2\/users\/1"}],"replies":[{"embeddable":true,"href":"https:\/\/bph30.fr\/index.php\/wp-json\/wp\/v2\/comments?post=1614"}],"version-history":[{"count":12,"href":"https:\/\/bph30.fr\/index.php\/wp-json\/wp\/v2\/pages\/1614\/revisions"}],"predecessor-version":[{"id":1642,"href":"https:\/\/bph30.fr\/index.php\/wp-json\/wp\/v2\/pages\/1614\/revisions\/1642"}],"wp:attachment":[{"href":"https:\/\/bph30.fr\/index.php\/wp-json\/wp\/v2\/media?parent=1614"}],"curies":[{"name":"wp","href":"https:\/\/api.w.org\/{rel}","templated":true}]}}